{"id":852,"date":"2017-07-02T21:47:08","date_gmt":"2017-07-02T19:47:08","guid":{"rendered":"http:\/\/www.clg-bastie-velizy.ac-versailles.fr\/?page_id=852"},"modified":"2025-09-04T17:52:00","modified_gmt":"2025-09-04T15:52:00","slug":"le-service-orientation","status":"publish","type":"page","link":"https:\/\/clg-bastie-velizy.ac-versailles.fr\/?page_id=852","title":{"rendered":"O\u00f9 s&#8217;informer? La Psy-EN"},"content":{"rendered":"<p><a href=\"https:\/\/clg-bastie-velizy.ac-versailles.fr\/wp-content\/uploads\/sites\/174\/2025\/09\/Image-Psy-EN.png\"><img loading=\"lazy\" decoding=\"async\" class=\"aligncenter size-full wp-image-9518\" src=\"https:\/\/clg-bastie-velizy.ac-versailles.fr\/wp-content\/uploads\/sites\/174\/2025\/09\/Image-Psy-EN.png\" alt=\"\" width=\"281\" height=\"227\" \/><\/a><\/p>\n<p>Le coll\u00e8ge est une \u00e9tape charni\u00e8re dans le parcours scolaire d\u2019un \u00e9l\u00e8ve.<\/p>\n<p>L\u2019arriv\u00e9e en 6<sup>\u00e8me<\/sup> mobilise ses capacit\u00e9s d\u2019adaptation et constitue un cap plus ou moins ais\u00e9 \u00e0 franchir.<\/p>\n<p>En 3<sup>\u00e8me<\/sup>, il ou elle sera amen\u00e9e \u00e0 effectuer un choix d\u2019orientation, ce qui demande du temps, de l\u2019information et de la r\u00e9flexion.<\/p>\n<p>Le passage au coll\u00e8ge repr\u00e9sente \u00e9galement une p\u00e9riode durant laquelle les \u00e9l\u00e8ves entrent de plein pied dans l\u2019adolescence et connaissent de nombreux questionnements personnels relatifs \u00e0 leur identit\u00e9, leur avenir, leurs relations aux autres.<\/p>\n<p style=\"text-align: justify\"><strong>Mme METZGER<\/strong>, Psychologue de l&#8217;Education Nationale (sp\u00e9cialit\u00e9 \u00e9ducation, d\u00e9veloppement et conseil en orientation) travaille en collaboration avec les personnels de l\u2019\u00e9tablissement. Elle assure des <strong>permanences au coll\u00e8ge Maryse Basti\u00e9 le JEUDI toute la journ\u00e9e<\/strong>.<\/p>\n<p style=\"text-align: justify\">Pour prendre rendez-vous, les \u00e9l\u00e8ves doivent s\u2019adresser \u00e0 la <strong>Vie Scolaire<\/strong>.<\/p>\n<p style=\"text-align: justify\">La Psy-EN est aussi pr\u00e9sente au Centre d\u2019Information et d\u2019Orientation (CIO) de Versailles-Saint-Cyr <strong>le vendredi matin<\/strong>\u00a0en p\u00e9riode scolaire et selon son planning pendant les vacances. Merci de t\u00e9l\u00e9phoner au secr\u00e9tariat du CIO pour prendre rendez-vous.<\/p>\n<blockquote>\n<p style=\"text-align: center\"><strong>CIO de Versailles-Saint-Cyr<\/strong><\/p>\n<p style=\"text-align: center\">12 rue Victor Hugo<\/p>\n<p style=\"text-align: center\">78210 SAINT-CYR-L&#8217;ECOLE<\/p>\n<p style=\"text-align: center\">T\u00e9l 01 30 58 58 98<\/p>\n<p style=\"text-align: center\"><span style=\"text-decoration: underline;color: #0000ff\">cio-versailles-saint-cyr@ac-versailles.fr<\/span><\/p>\n<p style=\"text-align: center\">Service public et gratuit<\/p>\n<p style=\"text-align: center\"><strong>Ouvert tous les jours du lundi au vendredi de 9h \u00e0 12h30 et de 13h30 \u00e0 17h et le samedi de 9h \u00e0 12h.<\/strong><\/p>\n<p style=\"text-align: center\"><strong>Ouvert pendant les vacances scolaires<\/strong><\/p>\n<p style=\"text-align: center\">\n<\/blockquote>\n<p style=\"text-align: justify\"><span style=\"text-decoration: underline\">Quel est le r\u00f4le de la Psy-EN ?<\/span><\/p>\n<ul>\n<li style=\"text-align: justify\">Conseils et accompagnement des \u00e9l\u00e8ves, seuls ou accompagn\u00e9s, dans l&#8217;\u00e9laboration d&#8217;un projet d&#8217;orientation ;<\/li>\n<li>Espace d&#8217;\u00e9coute et de paroles en toute confidentialit\u00e9 (code de d\u00e9ontologie des psychologues) par des entretiens.<\/li>\n<\/ul>\n<p>&nbsp;<\/p>\n","protected":false},"excerpt":{"rendered":"<p>Le coll\u00e8ge est une \u00e9tape charni\u00e8re dans le parcours scolaire d\u2019un \u00e9l\u00e8ve. L\u2019arriv\u00e9e en 6\u00e8me mobilise ses capacit\u00e9s d\u2019adaptation et constitue un cap plus ou moins ais\u00e9 \u00e0 franchir. En 3\u00e8me, il ou elle sera amen\u00e9e \u00e0 effectuer un choix d\u2019orientation, ce qui demande du temps, de l\u2019information et de la r\u00e9flexion. Le passage au [&hellip;]<\/p>\n","protected":false},"author":2,"featured_media":0,"parent":0,"menu_order":0,"comment_status":"closed","ping_status":"closed","template":"","meta":{"footnotes":""},"class_list":["post-852","page","type-page","status-publish","hentry"],"_links":{"self":[{"href":"https:\/\/clg-bastie-velizy.ac-versailles.fr\/index.php?rest_route=\/wp\/v2\/pages\/852","targetHints":{"allow":["GET"]}}],"collection":[{"href":"https:\/\/clg-bastie-velizy.ac-versailles.fr\/index.php?rest_route=\/wp\/v2\/pages"}],"about":[{"href":"https:\/\/clg-bastie-velizy.ac-versailles.fr\/index.php?rest_route=\/wp\/v2\/types\/page"}],"author":[{"embeddable":true,"href":"https:\/\/clg-bastie-velizy.ac-versailles.fr\/index.php?rest_route=\/wp\/v2\/users\/2"}],"replies":[{"embeddable":true,"href":"https:\/\/clg-bastie-velizy.ac-versailles.fr\/index.php?rest_route=%2Fwp%2Fv2%2Fcomments&post=852"}],"version-history":[{"count":10,"href":"https:\/\/clg-bastie-velizy.ac-versailles.fr\/index.php?rest_route=\/wp\/v2\/pages\/852\/revisions"}],"predecessor-version":[{"id":1240,"href":"https:\/\/clg-bastie-velizy.ac-versailles.fr\/index.php?rest_route=\/wp\/v2\/pages\/852\/revisions\/1240"}],"wp:attachment":[{"href":"https:\/\/clg-bastie-velizy.ac-versailles.fr\/index.php?rest_route=%2Fwp%2Fv2%2Fmedia&parent=852"}],"curies":[{"name":"wp","href":"https:\/\/api.w.org\/{rel}","templated":true}]}}