{"id":7668,"date":"2023-12-17T16:14:48","date_gmt":"2023-12-17T15:14:48","guid":{"rendered":"https:\/\/clg-bastie-velizy.ac-versailles.fr\/?page_id=7668"},"modified":"2023-12-17T16:33:47","modified_gmt":"2023-12-17T15:33:47","slug":"restauration-scolaire","status":"publish","type":"page","link":"https:\/\/clg-bastie-velizy.ac-versailles.fr\/?page_id=7668","title":{"rendered":"Restauration scolaire"},"content":{"rendered":"<p style=\"text-align: justify\">Depuis janvier 2019, la restauration du coll\u00e8ge est g\u00e9r\u00e9e par C\u2019Midy et les repas sont cuisin\u00e9s par nos deux chefs de cuisine et leur \u00e9quipe.<\/p>\n<p style=\"text-align: justify\">Pour inscrire votre enfant \u00e0 la cantine pour la rentr\u00e9e prochaine, il faudra se connecter sur le site et effectuer l\u2019inscription directement en ligne <a href=\"https:\/\/www.so-happy.fr\/sign-in\" target=\"_blank\" rel=\"noopener\">www.so-happy.fr<\/a>.<\/p>\n","protected":false},"excerpt":{"rendered":"<p>Depuis janvier 2019, la restauration du coll\u00e8ge est g\u00e9r\u00e9e par C\u2019Midy et les repas sont cuisin\u00e9s par nos deux chefs de cuisine et leur \u00e9quipe. Pour inscrire votre enfant \u00e0 la cantine pour la rentr\u00e9e prochaine, il faudra se connecter sur le site et effectuer l\u2019inscription directement en ligne www.so-happy.fr.<\/p>\n","protected":false},"author":1127,"featured_media":4794,"parent":0,"menu_order":0,"comment_status":"closed","ping_status":"closed","template":"","meta":{"footnotes":""},"class_list":["post-7668","page","type-page","status-publish","has-post-thumbnail","hentry"],"_links":{"self":[{"href":"https:\/\/clg-bastie-velizy.ac-versailles.fr\/index.php?rest_route=\/wp\/v2\/pages\/7668","targetHints":{"allow":["GET"]}}],"collection":[{"href":"https:\/\/clg-bastie-velizy.ac-versailles.fr\/index.php?rest_route=\/wp\/v2\/pages"}],"about":[{"href":"https:\/\/clg-bastie-velizy.ac-versailles.fr\/index.php?rest_route=\/wp\/v2\/types\/page"}],"author":[{"embeddable":true,"href":"https:\/\/clg-bastie-velizy.ac-versailles.fr\/index.php?rest_route=\/wp\/v2\/users\/1127"}],"replies":[{"embeddable":true,"href":"https:\/\/clg-bastie-velizy.ac-versailles.fr\/index.php?rest_route=%2Fwp%2Fv2%2Fcomments&post=7668"}],"version-history":[{"count":2,"href":"https:\/\/clg-bastie-velizy.ac-versailles.fr\/index.php?rest_route=\/wp\/v2\/pages\/7668\/revisions"}],"predecessor-version":[{"id":7681,"href":"https:\/\/clg-bastie-velizy.ac-versailles.fr\/index.php?rest_route=\/wp\/v2\/pages\/7668\/revisions\/7681"}],"wp:featuredmedia":[{"embeddable":true,"href":"https:\/\/clg-bastie-velizy.ac-versailles.fr\/index.php?rest_route=\/wp\/v2\/media\/4794"}],"wp:attachment":[{"href":"https:\/\/clg-bastie-velizy.ac-versailles.fr\/index.php?rest_route=%2Fwp%2Fv2%2Fmedia&parent=7668"}],"curies":[{"name":"wp","href":"https:\/\/api.w.org\/{rel}","templated":true}]}}