{"id":4817,"date":"2025-06-26T14:23:57","date_gmt":"2025-06-26T12:23:57","guid":{"rendered":"http:\/\/www.clg-bastie-velizy.ac-versailles.fr\/?page_id=4817"},"modified":"2025-06-27T21:11:38","modified_gmt":"2025-06-27T19:11:38","slug":"fournitures-scolaires","status":"publish","type":"page","link":"https:\/\/clg-bastie-velizy.ac-versailles.fr\/?page_id=4817","title":{"rendered":"Fournitures scolaires"},"content":{"rendered":"<h4><a href=\"https:\/\/www.scoleo.fr\/\" target=\"_blank\" rel=\"attachment noopener wp-att-9374\"><img loading=\"lazy\" decoding=\"async\" class=\"size-large wp-image-9374 aligncenter\" src=\"https:\/\/clg-bastie-velizy.ac-versailles.fr\/wp-content\/uploads\/sites\/174\/2025\/06\/Scoleo_pub-1024x379.jpg\" alt=\"\" width=\"640\" height=\"237\" srcset=\"https:\/\/clg-bastie-velizy.ac-versailles.fr\/wp-content\/uploads\/sites\/174\/2025\/06\/Scoleo_pub-1024x379.jpg 1024w, https:\/\/clg-bastie-velizy.ac-versailles.fr\/wp-content\/uploads\/sites\/174\/2025\/06\/Scoleo_pub-300x111.jpg 300w, https:\/\/clg-bastie-velizy.ac-versailles.fr\/wp-content\/uploads\/sites\/174\/2025\/06\/Scoleo_pub-768x284.jpg 768w, https:\/\/clg-bastie-velizy.ac-versailles.fr\/wp-content\/uploads\/sites\/174\/2025\/06\/Scoleo_pub-1536x569.jpg 1536w, https:\/\/clg-bastie-velizy.ac-versailles.fr\/wp-content\/uploads\/sites\/174\/2025\/06\/Scoleo_pub-2048x758.jpg 2048w, https:\/\/clg-bastie-velizy.ac-versailles.fr\/wp-content\/uploads\/sites\/174\/2025\/06\/Scoleo_pub-370x137.jpg 370w\" sizes=\"auto, (max-width: 640px) 100vw, 640px\" \/><\/a><\/h4>\n<h4 style=\"text-align: center\">6<sup>\u00e8me<\/sup> &#8211; Liste des fournitures scolaires 2025-2026<\/h4>\n<p style=\"text-align: center\"><a href=\"https:\/\/clg-bastie-velizy.ac-versailles.fr\/wp-content\/uploads\/sites\/174\/2025\/06\/fournitures-scolaire-6e\u0300.pdf\" class=\"pdfemb-viewer\" style=\"height:300px;\" data-width=\"max\" data-height=\"300\" data-toolbar=\"top\" data-toolbar-fixed=\"on\">fournitures scolaire 6e\u0300<\/a><\/p>\n<h4 style=\"text-align: center\">6<sup>\u00e8me<\/sup> SEGPA &#8211; Liste des fournitures scolaires 2025-2026<\/h4>\n<p style=\"text-align: center\"><a href=\"https:\/\/clg-bastie-velizy.ac-versailles.fr\/wp-content\/uploads\/sites\/174\/2025\/06\/Fournitures-scolaires-6eme-SEGPA-2025-2026.pdf\" class=\"pdfemb-viewer\" style=\"height:300px;\" data-width=\"max\" data-height=\"300\" data-toolbar=\"top\" data-toolbar-fixed=\"on\">Fournitures scolaires 6\u00e8me SEGPA 2025-2026<\/a><\/p>\n<h4 style=\"text-align: center\">5<sup>\u00e8me<\/sup> &#8211; Liste des fournitures scolaires 2025-2026<\/h4>\n<p style=\"text-align: center\"><a href=\"https:\/\/clg-bastie-velizy.ac-versailles.fr\/wp-content\/uploads\/sites\/174\/2025\/06\/fournitures-scolaire-5e.pdf\" class=\"pdfemb-viewer\" style=\"height:300px;\" data-width=\"max\" data-height=\"300\" data-toolbar=\"top\" data-toolbar-fixed=\"on\">fournitures scolaire 5\u00e8<\/a><\/p>\n<h4 style=\"text-align: center\">5<sup>\u00e8me<\/sup> SEGPA &#8211; Liste des fournitures scolaires 2025-2026<\/h4>\n<p style=\"text-align: center\"><a href=\"https:\/\/clg-bastie-velizy.ac-versailles.fr\/wp-content\/uploads\/sites\/174\/2025\/06\/Fournitures-scolaires-5eme-SEGPA-2025-2026.pdf\" class=\"pdfemb-viewer\" style=\"height:300px;\" data-width=\"max\" data-height=\"300\" data-toolbar=\"top\" data-toolbar-fixed=\"on\">Fournitures scolaires 5\u00e8me SEGPA 2025-2026<\/a><\/p>\n<h4 style=\"text-align: center\">4<sup>\u00e8me<\/sup> &#8211; Liste des fournitures scolaires 2025-2026<\/h4>\n<p style=\"text-align: center\"><a href=\"https:\/\/clg-bastie-velizy.ac-versailles.fr\/wp-content\/uploads\/sites\/174\/2025\/06\/fournitures-scolaire-4e.pdf\" class=\"pdfemb-viewer\" style=\"height:300px;\" data-width=\"max\" data-height=\"300\" data-toolbar=\"top\" data-toolbar-fixed=\"on\">fournitures scolaire 4\u00e8<\/a><\/p>\n<h4 style=\"text-align: center\">4<sup>\u00e8me<\/sup> SEGPA &#8211; Liste des fournitures scolaires 2025-2026<\/h4>\n<p style=\"text-align: center\"><a href=\"https:\/\/clg-bastie-velizy.ac-versailles.fr\/wp-content\/uploads\/sites\/174\/2025\/06\/Fournitures-scolaires-4eme-SEGPA-2025-2026.pdf\" class=\"pdfemb-viewer\" style=\"height:300px;\" data-width=\"max\" data-height=\"300\" data-toolbar=\"top\" data-toolbar-fixed=\"on\">Fournitures scolaires 4\u00e8me SEGPA 2025-2026<\/a><\/p>\n<h4 style=\"text-align: center\">3<sup>\u00e8me<\/sup> &#8211; Liste des fournitures scolaires 2025-2026<\/h4>\n<p style=\"text-align: center\"><a href=\"https:\/\/clg-bastie-velizy.ac-versailles.fr\/wp-content\/uploads\/sites\/174\/2025\/06\/fournitures-scolaire-3e.pdf\" class=\"pdfemb-viewer\" style=\"height:300px;\" data-width=\"max\" data-height=\"300\" data-toolbar=\"top\" data-toolbar-fixed=\"on\">fournitures scolaire 3\u00e8<\/a><\/p>\n<h4 style=\"text-align: center\">3<sup>\u00e8me<\/sup> SEGPA &#8211; Liste des fournitures scolaires 2025-2026<\/h4>\n<p style=\"text-align: center\"><a href=\"https:\/\/clg-bastie-velizy.ac-versailles.fr\/wp-content\/uploads\/sites\/174\/2025\/06\/Fournitures-scolaires-3eme-SEGPA-2025-2026.pdf\" class=\"pdfemb-viewer\" style=\"height:300px;\" data-width=\"max\" data-height=\"300\" data-toolbar=\"top\" data-toolbar-fixed=\"on\">Fournitures scolaires 3\u00e8me SEGPA 2025-2026<\/a><\/p>\n","protected":false},"excerpt":{"rendered":"<p>6\u00e8me &#8211; Liste des fournitures scolaires 2025-2026 6\u00e8me SEGPA &#8211; Liste des fournitures scolaires 2025-2026 5\u00e8me &#8211; Liste des fournitures scolaires 2025-2026 5\u00e8me SEGPA &#8211; Liste des fournitures scolaires 2025-2026 4\u00e8me &#8211; Liste des fournitures scolaires 2025-2026 4\u00e8me SEGPA &#8211; Liste des fournitures scolaires 2025-2026 3\u00e8me &#8211; Liste des fournitures scolaires 2025-2026 3\u00e8me SEGPA &#8211; [&hellip;]<\/p>\n","protected":false},"author":1127,"featured_media":0,"parent":0,"menu_order":0,"comment_status":"closed","ping_status":"closed","template":"","meta":{"footnotes":""},"class_list":["post-4817","page","type-page","status-publish","hentry"],"_links":{"self":[{"href":"https:\/\/clg-bastie-velizy.ac-versailles.fr\/index.php?rest_route=\/wp\/v2\/pages\/4817","targetHints":{"allow":["GET"]}}],"collection":[{"href":"https:\/\/clg-bastie-velizy.ac-versailles.fr\/index.php?rest_route=\/wp\/v2\/pages"}],"about":[{"href":"https:\/\/clg-bastie-velizy.ac-versailles.fr\/index.php?rest_route=\/wp\/v2\/types\/page"}],"author":[{"embeddable":true,"href":"https:\/\/clg-bastie-velizy.ac-versailles.fr\/index.php?rest_route=\/wp\/v2\/users\/1127"}],"replies":[{"embeddable":true,"href":"https:\/\/clg-bastie-velizy.ac-versailles.fr\/index.php?rest_route=%2Fwp%2Fv2%2Fcomments&post=4817"}],"version-history":[{"count":10,"href":"https:\/\/clg-bastie-velizy.ac-versailles.fr\/index.php?rest_route=\/wp\/v2\/pages\/4817\/revisions"}],"predecessor-version":[{"id":9375,"href":"https:\/\/clg-bastie-velizy.ac-versailles.fr\/index.php?rest_route=\/wp\/v2\/pages\/4817\/revisions\/9375"}],"wp:attachment":[{"href":"https:\/\/clg-bastie-velizy.ac-versailles.fr\/index.php?rest_route=%2Fwp%2Fv2%2Fmedia&parent=4817"}],"curies":[{"name":"wp","href":"https:\/\/api.w.org\/{rel}","templated":true}]}}