{"id":276,"date":"2017-06-30T12:08:58","date_gmt":"2017-06-30T10:08:58","guid":{"rendered":"http:\/\/www.clg-bastie-velizy.ac-versailles.fr\/?page_id=276"},"modified":"2017-10-23T11:20:40","modified_gmt":"2017-10-23T09:20:40","slug":"plan-dacces","status":"publish","type":"page","link":"https:\/\/clg-bastie-velizy.ac-versailles.fr\/?page_id=276","title":{"rendered":"Acc\u00e8s au coll\u00e8ge"},"content":{"rendered":"<p style=\"text-align: justify\">Il n\u2019existe pas de ramassage scolaire pour le coll\u00e8ge Maryse Basti\u00e9. Les \u00e9l\u00e8ves empruntent les lignes r\u00e9guli\u00e8res de bus qui sont, le matin et le soir, doubl\u00e9es par un 2<sup>\u00e8me<\/sup>\u00a0bus en raison de l\u2019affluence aux sorties du coll\u00e8ge. Ils peuvent \u00e9galement emprunter le tramway T6.<\/p>\n<p style=\"text-align: justify\">Vous trouverez les horaires des lignes de bus, ainsi que les informations en cas de perturbations, sur le site de Phebus : <a href=\"http:\/\/www.phebus.tm.fr\/fr\/\" target=\"_blank\" rel=\"noopener\">www.phebus.tm.fr<\/a><\/p>\n<p style=\"text-align: justify\">Nom de l&#8217;arr\u00eat de bus et de tramway : Mairie de V\u00e9lizy.<\/p>\n<p style=\"text-align: justify\">Par cons\u00e9quent, en cas d\u2019alerte m\u00e9t\u00e9o et d\u2019interdiction par le Pr\u00e9fet de ramassages scolaires, nous ne sommes pas concern\u00e9s.<\/p>\n<p style=\"text-align: justify\">Pour obtenir votre titre de transport, vous devez retirer le formulaire aupr\u00e8s de la soci\u00e9t\u00e9 de transport. Vous devez le faire signer par le coll\u00e8ge : vous pouvez vous adressez directement \u00e0 la loge du coll\u00e8ge.<\/p>\n","protected":false},"excerpt":{"rendered":"<p>Il n\u2019existe pas de ramassage scolaire pour le coll\u00e8ge Maryse Basti\u00e9. Les \u00e9l\u00e8ves empruntent les lignes r\u00e9guli\u00e8res de bus qui sont, le matin et le soir, doubl\u00e9es par un 2\u00e8me\u00a0bus en raison de l\u2019affluence aux sorties du coll\u00e8ge. Ils peuvent \u00e9galement emprunter le tramway T6. Vous trouverez les horaires des lignes de bus, ainsi que [&hellip;]<\/p>\n","protected":false},"author":2,"featured_media":2226,"parent":0,"menu_order":0,"comment_status":"closed","ping_status":"closed","template":"","meta":{"footnotes":""},"class_list":["post-276","page","type-page","status-publish","has-post-thumbnail","hentry"],"_links":{"self":[{"href":"https:\/\/clg-bastie-velizy.ac-versailles.fr\/index.php?rest_route=\/wp\/v2\/pages\/276","targetHints":{"allow":["GET"]}}],"collection":[{"href":"https:\/\/clg-bastie-velizy.ac-versailles.fr\/index.php?rest_route=\/wp\/v2\/pages"}],"about":[{"href":"https:\/\/clg-bastie-velizy.ac-versailles.fr\/index.php?rest_route=\/wp\/v2\/types\/page"}],"author":[{"embeddable":true,"href":"https:\/\/clg-bastie-velizy.ac-versailles.fr\/index.php?rest_route=\/wp\/v2\/users\/2"}],"replies":[{"embeddable":true,"href":"https:\/\/clg-bastie-velizy.ac-versailles.fr\/index.php?rest_route=%2Fwp%2Fv2%2Fcomments&post=276"}],"version-history":[{"count":9,"href":"https:\/\/clg-bastie-velizy.ac-versailles.fr\/index.php?rest_route=\/wp\/v2\/pages\/276\/revisions"}],"predecessor-version":[{"id":2230,"href":"https:\/\/clg-bastie-velizy.ac-versailles.fr\/index.php?rest_route=\/wp\/v2\/pages\/276\/revisions\/2230"}],"wp:featuredmedia":[{"embeddable":true,"href":"https:\/\/clg-bastie-velizy.ac-versailles.fr\/index.php?rest_route=\/wp\/v2\/media\/2226"}],"wp:attachment":[{"href":"https:\/\/clg-bastie-velizy.ac-versailles.fr\/index.php?rest_route=%2Fwp%2Fv2%2Fmedia&parent=276"}],"curies":[{"name":"wp","href":"https:\/\/api.w.org\/{rel}","templated":true}]}}