{"id":1415,"date":"2022-04-08T15:18:04","date_gmt":"2022-04-08T13:18:04","guid":{"rendered":"http:\/\/www.clg-bastie-velizy.ac-versailles.fr\/?page_id=1415"},"modified":"2022-04-10T17:39:02","modified_gmt":"2022-04-10T15:39:02","slug":"ou-sinformer-autres-ressources","status":"publish","type":"page","link":"https:\/\/clg-bastie-velizy.ac-versailles.fr\/?page_id=1415","title":{"rendered":"O\u00f9 s&#8217;informer? Autres ressources"},"content":{"rendered":"<h3 style=\"text-align: justify\">Au coll\u00e8ge<\/h3>\n<ul>\n<li>la <a href=\"https:\/\/clg-bastie-velizy.ac-versailles.fr\/?page_id=852\">Psy-EN<\/a> interviendra dans toutes les classes de troisi\u00e8me pour des informations g\u00e9n\u00e9rales. Il est \u00e9galement conseill\u00e9 de prendre un rendez-vous individuel afin de d\u00e9finir son projet personnel.<\/li>\n<li>le CDI comporte de nombreuses ressources, actualis\u00e9es pour vous informer sur les fili\u00e8res et les m\u00e9tiers. Voir le portail &#8220;<a href=\"http:\/\/0780265p.esidoc.fr\" target=\"_blank\" rel=\"noopener\">E-Sidoc<\/a>&#8220;.<\/li>\n<\/ul>\n<p>&nbsp;<\/p>\n<h3>Depuis votre domicile<\/h3>\n<ul>\n<li>le portail de l\u2019<a href=\"http:\/\/www.onisep.fr\/\" target=\"_blank\" rel=\"noopener\">ONISEP<\/a><\/li>\n<li>le portail &#8220;<a href=\"http:\/\/www.monorientationenligne.fr\" target=\"_blank\" rel=\"noopener\">Mon orientation en ligne<\/a>&#8220;<\/li>\n<\/ul>\n<p>&nbsp;<\/p>\n<h3>Sur place<\/h3>\n<ul>\n<li>se d\u00e9placer aux portes ouvertes des lyc\u00e9es et des CFA (Cf. ENT oZE, Espace collaboratif &#8220;Trouve ta voie&#8221;)<\/li>\n<li>le <a href=\"https:\/\/clg-bastie-velizy.ac-versailles.fr\/?page_id=852\">Centre d\u2019Information et d\u2019Orientation de Versailles<\/a><\/li>\n<li>la cit\u00e9 des m\u00e9tiers \u00e0 Saint Quentin en Yvelines o\u00f9 vous trouverez des ressources en libre acc\u00e8s. La cit\u00e9 des m\u00e9tiers organise \u00e9galement des \u00e9v\u00e8nements ponctuels sur les fili\u00e8res. Le programme est t\u00e9l\u00e9chargeable sur leur <a href=\"http:\/\/www.citedesmetiers.sqy.fr\/\" target=\"_blank\" rel=\"noopener\">site<\/a>.<\/li>\n<\/ul>\n","protected":false},"excerpt":{"rendered":"<p>Au coll\u00e8ge la Psy-EN interviendra dans toutes les classes de troisi\u00e8me pour des informations g\u00e9n\u00e9rales. Il est \u00e9galement conseill\u00e9 de prendre un rendez-vous individuel afin de d\u00e9finir son projet personnel. le CDI comporte de nombreuses ressources, actualis\u00e9es pour vous informer sur les fili\u00e8res et les m\u00e9tiers. Voir le portail &#8220;E-Sidoc&#8220;. &nbsp; Depuis votre domicile le [&hellip;]<\/p>\n","protected":false},"author":1127,"featured_media":0,"parent":0,"menu_order":0,"comment_status":"closed","ping_status":"closed","template":"","meta":{"footnotes":""},"class_list":["post-1415","page","type-page","status-publish","hentry"],"_links":{"self":[{"href":"https:\/\/clg-bastie-velizy.ac-versailles.fr\/index.php?rest_route=\/wp\/v2\/pages\/1415","targetHints":{"allow":["GET"]}}],"collection":[{"href":"https:\/\/clg-bastie-velizy.ac-versailles.fr\/index.php?rest_route=\/wp\/v2\/pages"}],"about":[{"href":"https:\/\/clg-bastie-velizy.ac-versailles.fr\/index.php?rest_route=\/wp\/v2\/types\/page"}],"author":[{"embeddable":true,"href":"https:\/\/clg-bastie-velizy.ac-versailles.fr\/index.php?rest_route=\/wp\/v2\/users\/1127"}],"replies":[{"embeddable":true,"href":"https:\/\/clg-bastie-velizy.ac-versailles.fr\/index.php?rest_route=%2Fwp%2Fv2%2Fcomments&post=1415"}],"version-history":[{"count":3,"href":"https:\/\/clg-bastie-velizy.ac-versailles.fr\/index.php?rest_route=\/wp\/v2\/pages\/1415\/revisions"}],"predecessor-version":[{"id":5731,"href":"https:\/\/clg-bastie-velizy.ac-versailles.fr\/index.php?rest_route=\/wp\/v2\/pages\/1415\/revisions\/5731"}],"wp:attachment":[{"href":"https:\/\/clg-bastie-velizy.ac-versailles.fr\/index.php?rest_route=%2Fwp%2Fv2%2Fmedia&parent=1415"}],"curies":[{"name":"wp","href":"https:\/\/api.w.org\/{rel}","templated":true}]}}